{"id":2292,"date":"2023-08-10T12:08:10","date_gmt":"2023-08-10T12:08:10","guid":{"rendered":"https:\/\/natureengravure.com\/?page_id=2292"},"modified":"2023-09-19T14:52:41","modified_gmt":"2023-09-19T14:52:41","slug":"mentions-legales","status":"publish","type":"page","link":"https:\/\/natureengravure.com\/?page_id=2292","title":{"rendered":"Mentions L\u00e9gales"},"content":{"rendered":"\n<p><strong>Conform\u00e9ment aux dispositions des Articles 6-III et 19 de la Loi n\u00b02004-575 du 21 juin 2004 pour la Confiance dans l\u2019\u00e9conomie num\u00e9rique, dite L.C.E.N., il est port\u00e9 \u00e0 la connaissance des utilisateurs et visiteurs, ci-apr\u00e8s l'\u00a0\u00bbUtilisateur\u00a0\u00bb, du site www.natureengravure.com , ci-apr\u00e8s le \u00ab\u00a0Site\u00a0\u00bb, les pr\u00e9sentes mentions l\u00e9gales. La connexion et la navigation sur le Site par l\u2019Utilisateur implique acceptation int\u00e9grale et sans r\u00e9serve des pr\u00e9sentes mentions l\u00e9gales.<\/strong><br><br><strong>ARTICLE 1 &#8211; L&rsquo;EDITEUR<\/strong><\/p>\n\n\n\n<p>L&rsquo;\u00e9dition du Site est assur\u00e9e par Nature en Gravure, Entreprise Individuelle immatricul\u00e9e au Registre du Commerce et des Soci\u00e9t\u00e9s de Besan\u00e7on sous le num\u00e9ro 918806365 dont le si\u00e8ge social est situ\u00e9 au 12 impasse Bellevue 25380 BRETONVILLERS,<br>Adresse e-mail : natureengravure@hotmail.com.<br>N\u00b0 de TVA intracommunautaire : FR80918806365<br>Le Directeur de la publication est SILVERT Mathieu ci-apr\u00e8s l'\u00a0\u00bbEditeur\u00a0\u00bb.<\/p>\n\n\n\n<p><strong>ARTICLE 2 &#8211; L&rsquo;HEBERGEUR<\/strong><\/p>\n\n\n\n<p>L&rsquo;h\u00e9bergeur du Site est la soci\u00e9t\u00e9 HOSTSERV, dont le si\u00e8ge social est situ\u00e9 au 9 GRANDE RUE 25360 SAINT-JUAN.<\/p>\n\n\n\n<p><strong>ARTICLE 3 &#8211; ACCES AU SITE<\/strong><\/p>\n\n\n\n<p>Le Site est accessible en tout endroit, 7j\/7, 24h\/24 sauf cas de force majeure, interruption programm\u00e9e ou non et pouvant d\u00e9coulant d\u2019une n\u00e9cessit\u00e9 de maintenance. En cas de modification, interruption ou suspension du Site, l&rsquo;Editeur ne saurait \u00eatre tenu responsable.<\/p>\n\n\n\n<p><strong>ARTICLE 4 &#8211; COLLECTE DES DONNEES<\/strong><\/p>\n\n\n\n<p>Le Site assure \u00e0 l&rsquo;Utilisateur une collecte et un traitement d&rsquo;informations personnelles dans le respect de la vie priv\u00e9e conform\u00e9ment \u00e0 la loi n\u00b078-17 du 6 janvier 1978 relative \u00e0 l&rsquo;informatique, aux fichiers et aux libert\u00e9s.<br><br>En vertu de la loi Informatique et Libert\u00e9s, en date du 6 janvier 1978, l&rsquo;Utilisateur dispose d&rsquo;un droit d&rsquo;acc\u00e8s, de rectification, de suppression et d&rsquo;opposition de ses donn\u00e9es personnelles. L&rsquo;Utilisateur exerce ce droit :<br>Toute utilisation, reproduction, diffusion, commercialisation, modification de toute ou partie du Site, sans autorisation de l\u2019Editeur est prohib\u00e9e et pourra entra\u00een\u00e9e des actions et poursuites judiciaires telles que notamment pr\u00e9vues par le Code de la propri\u00e9t\u00e9 intellectuelle et le Code civil.<\/p>\n","protected":false},"excerpt":{"rendered":"<p>Conform\u00e9ment aux dispositions des Articles 6-III et 19 de la Loi n\u00b02004-575 du 21 juin 2004 pour la Confiance dans l\u2019\u00e9conomie num\u00e9rique, dite L.C.E.N., il est port\u00e9 \u00e0 la connaissance des utilisateurs et visiteurs, ci-apr\u00e8s l&rsquo;\u00a0\u00bbUtilisateur\u00a0\u00bb, du site www.natureengravure.com , ci-apr\u00e8s le \u00ab\u00a0Site\u00a0\u00bb, les pr\u00e9sentes mentions l\u00e9gales. La connexion et la navigation sur le Site [&hellip;]<\/p>\n","protected":false},"author":2,"featured_media":0,"parent":0,"menu_order":0,"comment_status":"closed","ping_status":"closed","template":"","meta":{"_uag_custom_page_level_css":"","site-sidebar-layout":"default","site-content-layout":"","ast-site-content-layout":"default","site-content-style":"default","site-sidebar-style":"default","ast-global-header-display":"","ast-banner-title-visibility":"","ast-main-header-display":"","ast-hfb-above-header-display":"","ast-hfb-below-header-display":"","ast-hfb-mobile-header-display":"","site-post-title":"","ast-breadcrumbs-content":"","ast-featured-img":"","footer-sml-layout":"","ast-disable-related-posts":"","theme-transparent-header-meta":"","adv-header-id-meta":"","stick-header-meta":"","header-above-stick-meta":"","header-main-stick-meta":"","header-below-stick-meta":"","astra-migrate-meta-layouts":"default","ast-page-background-enabled":"default","ast-page-background-meta":{"desktop":{"background-color":"","background-image":"","background-repeat":"repeat","background-position":"center center","background-size":"auto","background-attachment":"scroll","background-type":"","background-media":"","overlay-type":"","overlay-color":"","overlay-opacity":"","overlay-gradient":""},"tablet":{"background-color":"","background-image":"","background-repeat":"repeat","background-position":"center center","background-size":"auto","background-attachment":"scroll","background-type":"","background-media":"","overlay-type":"","overlay-color":"","overlay-opacity":"","overlay-gradient":""},"mobile":{"background-color":"","background-image":"","background-repeat":"repeat","background-position":"center center","background-size":"auto","background-attachment":"scroll","background-type":"","background-media":"","overlay-type":"","overlay-color":"","overlay-opacity":"","overlay-gradient":""}},"ast-content-background-meta":{"desktop":{"background-color":"var(--ast-global-color-5)","background-image":"","background-repeat":"repeat","background-position":"center center","background-size":"auto","background-attachment":"scroll","background-type":"","background-media":"","overlay-type":"","overlay-color":"","overlay-opacity":"","overlay-gradient":""},"tablet":{"background-color":"var(--ast-global-color-5)","background-image":"","background-repeat":"repeat","background-position":"center center","background-size":"auto","background-attachment":"scroll","background-type":"","background-media":"","overlay-type":"","overlay-color":"","overlay-opacity":"","overlay-gradient":""},"mobile":{"background-color":"var(--ast-global-color-5)","background-image":"","background-repeat":"repeat","background-position":"center center","background-size":"auto","background-attachment":"scroll","background-type":"","background-media":"","overlay-type":"","overlay-color":"","overlay-opacity":"","overlay-gradient":""}},"footnotes":""},"class_list":["post-2292","page","type-page","status-publish","hentry"],"uagb_featured_image_src":{"full":false,"thumbnail":false,"medium":false,"medium_large":false,"large":false,"1536x1536":false,"2048x2048":false,"woocommerce_thumbnail":false,"woocommerce_single":false,"woocommerce_gallery_thumbnail":false},"uagb_author_info":{"display_name":"natureengravure","author_link":"https:\/\/natureengravure.com\/?author=2"},"uagb_comment_info":0,"uagb_excerpt":"Conform\u00e9ment aux dispositions des Articles 6-III et 19 de la Loi n\u00b02004-575 du 21 juin 2004 pour la Confiance dans l\u2019\u00e9conomie num\u00e9rique, dite L.C.E.N., il est port\u00e9 \u00e0 la connaissance des utilisateurs et visiteurs, ci-apr\u00e8s l'\u00a0\u00bbUtilisateur\u00a0\u00bb, du site www.natureengravure.com , ci-apr\u00e8s le \u00ab\u00a0Site\u00a0\u00bb, les pr\u00e9sentes mentions l\u00e9gales. La connexion et la navigation sur le Site\u2026","_links":{"self":[{"href":"https:\/\/natureengravure.com\/index.php?rest_route=\/wp\/v2\/pages\/2292","targetHints":{"allow":["GET"]}}],"collection":[{"href":"https:\/\/natureengravure.com\/index.php?rest_route=\/wp\/v2\/pages"}],"about":[{"href":"https:\/\/natureengravure.com\/index.php?rest_route=\/wp\/v2\/types\/page"}],"author":[{"embeddable":true,"href":"https:\/\/natureengravure.com\/index.php?rest_route=\/wp\/v2\/users\/2"}],"replies":[{"embeddable":true,"href":"https:\/\/natureengravure.com\/index.php?rest_route=%2Fwp%2Fv2%2Fcomments&post=2292"}],"version-history":[{"count":3,"href":"https:\/\/natureengravure.com\/index.php?rest_route=\/wp\/v2\/pages\/2292\/revisions"}],"predecessor-version":[{"id":2572,"href":"https:\/\/natureengravure.com\/index.php?rest_route=\/wp\/v2\/pages\/2292\/revisions\/2572"}],"wp:attachment":[{"href":"https:\/\/natureengravure.com\/index.php?rest_route=%2Fwp%2Fv2%2Fmedia&parent=2292"}],"curies":[{"name":"wp","href":"https:\/\/api.w.org\/{rel}","templated":true}]}}