{"id":2301,"date":"2023-08-10T12:14:22","date_gmt":"2023-08-10T12:14:22","guid":{"rendered":"https:\/\/natureengravure.com\/?page_id=2301"},"modified":"2023-09-24T09:30:51","modified_gmt":"2023-09-24T09:30:51","slug":"livraisons-et-retours","status":"publish","type":"page","link":"https:\/\/natureengravure.com\/?page_id=2301","title":{"rendered":"Livraison et Retours"},"content":{"rendered":"\n<p><strong>Politique de livraison<\/strong><\/p>\n\n\n\n<p>Pour les produits indiqu\u00e9s \u00ab\u00a0en stock\u00a0\u00bb sur notre boutique, un d\u00e9lai n&rsquo;exc\u00e9dant g\u00e9n\u00e9ralement pas 10 jours est \u00e0 pr\u00e9voir avant la r\u00e9ception de votre commande. Votre colis est en effet envoy\u00e9 entre 24h et 72h apr\u00e8s votre commande et paiement.<\/p>\n\n\n\n<p>Les produits, suivant leur format, sont envoy\u00e9s soit en lettre verte suivie, soit en colissimo sans signature. La lettre verte suivie, plus respectueuse de l&rsquo;environnement, pourra \u00eatre privil\u00e9gi\u00e9e uniquement pour l&rsquo;envoi d&rsquo;articles \u00e0 l&rsquo;unit\u00e9 m\u00eame si l&rsquo;option colissimo est toujours indiqu\u00e9e sur notre site. Les frais de port sont les m\u00eames pour l&rsquo;ensemble des produits non personnalis\u00e9s (3,50\u20ac). Pour les produits personnalis\u00e9s, les frais de port et le mode de livraison sont pr\u00e9cis\u00e9s pour chaque type de produits. <\/p>\n\n\n\n<p>Les frais de port sont offerts \u00e0 partir de 60\u20ac d&rsquo;achat. Il est n\u00e9cessaire de cocher l&rsquo;option \u00ab\u00a0livraison gratuite\u00a0\u00bb lors de la confirmation de votre panier. Votre commande sera alors envoy\u00e9e en colissimo gratuitement.<\/p>\n\n\n\n<p>Pour un envoi \u00e0 l&rsquo;international, envoyez-nous un mail \u00e0 natureengravure@hotmail.com et nous vous pr\u00e9ciserons les frais de port. Vous pourrez alors commander via un lien de paiement s\u00e9curis\u00e9.<\/p>\n\n\n\n<p><strong>\u00c9changes et remboursements<\/strong><\/p>\n\n\n\n<p>Si vous souhaitez retourner des articles de votre commande, vous disposez de 15 jours \u00e0 compter de la date de r\u00e9ception de votre commande pour demander un remboursement. Veuillez le faire en envoyant un e-mail \u00e0 natureengravure@hotmail.com.<\/p>\n\n\n\n<p>Si votre retour est accept\u00e9, vous recevrez des instructions sur la fa\u00e7on de nous renvoyer vos articles. Les frais de retour en cas de changement d&rsquo;avis sont \u00e0 la charge du client.<\/p>\n\n\n\n<p>Pour recevoir un remboursement complet, nous exigeons que l&rsquo;article nous soit retourn\u00e9 dans le m\u00eame \u00e9tat que vous l&rsquo;avez re\u00e7u. Une fois que nous aurons re\u00e7u vos articles de retour, nous les inspecterons et vous ferons savoir si votre remboursement a \u00e9t\u00e9 accept\u00e9. En cas d&rsquo;acceptation, vous recevrez un remboursement automatique sur le mode de paiement que vous avez utilis\u00e9 pour votre achat.<\/p>\n\n\n\n<p><strong>Exceptions :<\/strong><\/p>\n\n\n\n<p><strong>ATTENTION : Les produits personnalis\u00e9s et les produits en solde ne sont pas \u00e9chang\u00e9s ni rembours\u00e9s sauf s&rsquo;ils ont \u00e9t\u00e9 endommag\u00e9s pendant le transport.<\/strong><\/p>\n\n\n\n<p><strong>Imp\u00f4ts et TVA<\/strong><\/p>\n\n\n\n<p>Les taxes et la TVA ne s&rsquo;appliquent pas \u00e0 Nature en Gravure.<\/p>\n\n\n\n<p><strong>Article Endommag\u00e9 lors du transport<\/strong><\/p>\n\n\n\n<p>Si par malchance, une partie ou la totalit\u00e9 de la commande arrivait endommag\u00e9e, merci d&rsquo;envoyer un mail rapidement \u00e0 natureengravure@hotmail.com, comprenant une photographie prouvant le dommage et aussi de l&rsquo;ext\u00e9rieur du packaging qui aurait \u00e9t\u00e9 abim\u00e9. Une r\u00e9clamation sera faite aupr\u00e8s du service postal choisi, nous vous tiendrons inform\u00e9.e et ferons de notre mieux pour r\u00e9soudre ce probl\u00e8me avec vous.<\/p>\n","protected":false},"excerpt":{"rendered":"<p>Politique de livraison Pour les produits indiqu\u00e9s \u00ab\u00a0en stock\u00a0\u00bb sur notre boutique, un d\u00e9lai n&rsquo;exc\u00e9dant g\u00e9n\u00e9ralement pas 10 jours est \u00e0 pr\u00e9voir avant la r\u00e9ception de votre commande. Votre colis est en effet envoy\u00e9 entre 24h et 72h apr\u00e8s votre commande et paiement. Les produits, suivant leur format, sont envoy\u00e9s soit en lettre verte suivie, [&hellip;]<\/p>\n","protected":false},"author":2,"featured_media":0,"parent":0,"menu_order":0,"comment_status":"closed","ping_status":"closed","template":"","meta":{"_uag_custom_page_level_css":"","site-sidebar-layout":"default","site-content-layout":"","ast-site-content-layout":"default","site-content-style":"default","site-sidebar-style":"default","ast-global-header-display":"","ast-banner-title-visibility":"","ast-main-header-display":"","ast-hfb-above-header-display":"","ast-hfb-below-header-display":"","ast-hfb-mobile-header-display":"","site-post-title":"","ast-breadcrumbs-content":"","ast-featured-img":"","footer-sml-layout":"","ast-disable-related-posts":"","theme-transparent-header-meta":"","adv-header-id-meta":"","stick-header-meta":"","header-above-stick-meta":"","header-main-stick-meta":"","header-below-stick-meta":"","astra-migrate-meta-layouts":"default","ast-page-background-enabled":"default","ast-page-background-meta":{"desktop":{"background-color":"","background-image":"","background-repeat":"repeat","background-position":"center center","background-size":"auto","background-attachment":"scroll","background-type":"","background-media":"","overlay-type":"","overlay-color":"","overlay-opacity":"","overlay-gradient":""},"tablet":{"background-color":"","background-image":"","background-repeat":"repeat","background-position":"center center","background-size":"auto","background-attachment":"scroll","background-type":"","background-media":"","overlay-type":"","overlay-color":"","overlay-opacity":"","overlay-gradient":""},"mobile":{"background-color":"","background-image":"","background-repeat":"repeat","background-position":"center center","background-size":"auto","background-attachment":"scroll","background-type":"","background-media":"","overlay-type":"","overlay-color":"","overlay-opacity":"","overlay-gradient":""}},"ast-content-background-meta":{"desktop":{"background-color":"var(--ast-global-color-5)","background-image":"","background-repeat":"repeat","background-position":"center center","background-size":"auto","background-attachment":"scroll","background-type":"","background-media":"","overlay-type":"","overlay-color":"","overlay-opacity":"","overlay-gradient":""},"tablet":{"background-color":"var(--ast-global-color-5)","background-image":"","background-repeat":"repeat","background-position":"center center","background-size":"auto","background-attachment":"scroll","background-type":"","background-media":"","overlay-type":"","overlay-color":"","overlay-opacity":"","overlay-gradient":""},"mobile":{"background-color":"var(--ast-global-color-5)","background-image":"","background-repeat":"repeat","background-position":"center center","background-size":"auto","background-attachment":"scroll","background-type":"","background-media":"","overlay-type":"","overlay-color":"","overlay-opacity":"","overlay-gradient":""}},"footnotes":""},"class_list":["post-2301","page","type-page","status-publish","hentry"],"uagb_featured_image_src":{"full":false,"thumbnail":false,"medium":false,"medium_large":false,"large":false,"1536x1536":false,"2048x2048":false,"woocommerce_thumbnail":false,"woocommerce_single":false,"woocommerce_gallery_thumbnail":false},"uagb_author_info":{"display_name":"natureengravure","author_link":"https:\/\/natureengravure.com\/?author=2"},"uagb_comment_info":0,"uagb_excerpt":"Politique de livraison Pour les produits indiqu\u00e9s \u00ab\u00a0en stock\u00a0\u00bb sur notre boutique, un d\u00e9lai n&rsquo;exc\u00e9dant g\u00e9n\u00e9ralement pas 10 jours est \u00e0 pr\u00e9voir avant la r\u00e9ception de votre commande. Votre colis est en effet envoy\u00e9 entre 24h et 72h apr\u00e8s votre commande et paiement. Les produits, suivant leur format, sont envoy\u00e9s soit en lettre verte suivie,\u2026","_links":{"self":[{"href":"https:\/\/natureengravure.com\/index.php?rest_route=\/wp\/v2\/pages\/2301","targetHints":{"allow":["GET"]}}],"collection":[{"href":"https:\/\/natureengravure.com\/index.php?rest_route=\/wp\/v2\/pages"}],"about":[{"href":"https:\/\/natureengravure.com\/index.php?rest_route=\/wp\/v2\/types\/page"}],"author":[{"embeddable":true,"href":"https:\/\/natureengravure.com\/index.php?rest_route=\/wp\/v2\/users\/2"}],"replies":[{"embeddable":true,"href":"https:\/\/natureengravure.com\/index.php?rest_route=%2Fwp%2Fv2%2Fcomments&post=2301"}],"version-history":[{"count":7,"href":"https:\/\/natureengravure.com\/index.php?rest_route=\/wp\/v2\/pages\/2301\/revisions"}],"predecessor-version":[{"id":2575,"href":"https:\/\/natureengravure.com\/index.php?rest_route=\/wp\/v2\/pages\/2301\/revisions\/2575"}],"wp:attachment":[{"href":"https:\/\/natureengravure.com\/index.php?rest_route=%2Fwp%2Fv2%2Fmedia&parent=2301"}],"curies":[{"name":"wp","href":"https:\/\/api.w.org\/{rel}","templated":true}]}}