{"id":2303,"date":"2023-08-10T12:14:41","date_gmt":"2023-08-10T12:14:41","guid":{"rendered":"https:\/\/natureengravure.com\/?page_id=2303"},"modified":"2023-09-24T17:37:01","modified_gmt":"2023-09-24T17:37:01","slug":"politique-de-confidentialite","status":"publish","type":"page","link":"https:\/\/natureengravure.com\/?page_id=2303","title":{"rendered":"Politique de Confidentialit\u00e9"},"content":{"rendered":"\n<p><strong>Type d&rsquo;informations recueillies<\/strong><\/p>\n\n\n\n<p>\u200bNous recevons, collectons et stockons toute information que vous saisissez sur notre site www.natureengravure.com ou que vous nous fournissez de toute autre mani\u00e8re. Pour la bonne mise en \u0153uvre des transactions, nous recueillons des informations d&rsquo;identification personnelle (nom, pr\u00e9nom, adresse postale, adresse \u00e9lectronique), les d\u00e9tails de paiement, les commentaires et les \u00e9valuations de produits.<\/p>\n\n\n\n<p><strong>Comment les informations sont-elles recueillies ?<\/strong><\/p>\n\n\n\n<p>\u200bLorsque vous effectuez une transaction sur notre site web, dans le cadre du processus, nous recueillons les informations personnelles que vous saisissez. Vos informations personnelles ne seront utilis\u00e9es que dans le cadre de la transaction commerciale (envoi des produits).<\/p>\n\n\n\n<p>Vos donn\u00e9es sont stock\u00e9es sur des serveurs s\u00e9curis\u00e9s. <\/p>\n","protected":false},"excerpt":{"rendered":"<p>Type d&rsquo;informations recueillies \u200bNous recevons, collectons et stockons toute information que vous saisissez sur notre site www.natureengravure.com ou que vous nous fournissez de toute autre mani\u00e8re. Pour la bonne mise en \u0153uvre des transactions, nous recueillons des informations d&rsquo;identification personnelle (nom, pr\u00e9nom, adresse postale, adresse \u00e9lectronique), les d\u00e9tails de paiement, les commentaires et les \u00e9valuations [&hellip;]<\/p>\n","protected":false},"author":2,"featured_media":0,"parent":0,"menu_order":0,"comment_status":"closed","ping_status":"closed","template":"","meta":{"_uag_custom_page_level_css":"","site-sidebar-layout":"default","site-content-layout":"","ast-site-content-layout":"default","site-content-style":"default","site-sidebar-style":"default","ast-global-header-display":"","ast-banner-title-visibility":"","ast-main-header-display":"","ast-hfb-above-header-display":"","ast-hfb-below-header-display":"","ast-hfb-mobile-header-display":"","site-post-title":"","ast-breadcrumbs-content":"","ast-featured-img":"","footer-sml-layout":"","ast-disable-related-posts":"","theme-transparent-header-meta":"","adv-header-id-meta":"","stick-header-meta":"","header-above-stick-meta":"","header-main-stick-meta":"","header-below-stick-meta":"","astra-migrate-meta-layouts":"default","ast-page-background-enabled":"default","ast-page-background-meta":{"desktop":{"background-color":"","background-image":"","background-repeat":"repeat","background-position":"center center","background-size":"auto","background-attachment":"scroll","background-type":"","background-media":"","overlay-type":"","overlay-color":"","overlay-opacity":"","overlay-gradient":""},"tablet":{"background-color":"","background-image":"","background-repeat":"repeat","background-position":"center center","background-size":"auto","background-attachment":"scroll","background-type":"","background-media":"","overlay-type":"","overlay-color":"","overlay-opacity":"","overlay-gradient":""},"mobile":{"background-color":"","background-image":"","background-repeat":"repeat","background-position":"center center","background-size":"auto","background-attachment":"scroll","background-type":"","background-media":"","overlay-type":"","overlay-color":"","overlay-opacity":"","overlay-gradient":""}},"ast-content-background-meta":{"desktop":{"background-color":"var(--ast-global-color-5)","background-image":"","background-repeat":"repeat","background-position":"center center","background-size":"auto","background-attachment":"scroll","background-type":"","background-media":"","overlay-type":"","overlay-color":"","overlay-opacity":"","overlay-gradient":""},"tablet":{"background-color":"var(--ast-global-color-5)","background-image":"","background-repeat":"repeat","background-position":"center center","background-size":"auto","background-attachment":"scroll","background-type":"","background-media":"","overlay-type":"","overlay-color":"","overlay-opacity":"","overlay-gradient":""},"mobile":{"background-color":"var(--ast-global-color-5)","background-image":"","background-repeat":"repeat","background-position":"center center","background-size":"auto","background-attachment":"scroll","background-type":"","background-media":"","overlay-type":"","overlay-color":"","overlay-opacity":"","overlay-gradient":""}},"footnotes":""},"class_list":["post-2303","page","type-page","status-publish","hentry"],"uagb_featured_image_src":{"full":false,"thumbnail":false,"medium":false,"medium_large":false,"large":false,"1536x1536":false,"2048x2048":false,"woocommerce_thumbnail":false,"woocommerce_single":false,"woocommerce_gallery_thumbnail":false},"uagb_author_info":{"display_name":"natureengravure","author_link":"https:\/\/natureengravure.com\/?author=2"},"uagb_comment_info":0,"uagb_excerpt":"Type d&rsquo;informations recueillies \u200bNous recevons, collectons et stockons toute information que vous saisissez sur notre site www.natureengravure.com ou que vous nous fournissez de toute autre mani\u00e8re. Pour la bonne mise en \u0153uvre des transactions, nous recueillons des informations d&rsquo;identification personnelle (nom, pr\u00e9nom, adresse postale, adresse \u00e9lectronique), les d\u00e9tails de paiement, les commentaires et les \u00e9valuations\u2026","_links":{"self":[{"href":"https:\/\/natureengravure.com\/index.php?rest_route=\/wp\/v2\/pages\/2303","targetHints":{"allow":["GET"]}}],"collection":[{"href":"https:\/\/natureengravure.com\/index.php?rest_route=\/wp\/v2\/pages"}],"about":[{"href":"https:\/\/natureengravure.com\/index.php?rest_route=\/wp\/v2\/types\/page"}],"author":[{"embeddable":true,"href":"https:\/\/natureengravure.com\/index.php?rest_route=\/wp\/v2\/users\/2"}],"replies":[{"embeddable":true,"href":"https:\/\/natureengravure.com\/index.php?rest_route=%2Fwp%2Fv2%2Fcomments&post=2303"}],"version-history":[{"count":3,"href":"https:\/\/natureengravure.com\/index.php?rest_route=\/wp\/v2\/pages\/2303\/revisions"}],"predecessor-version":[{"id":2579,"href":"https:\/\/natureengravure.com\/index.php?rest_route=\/wp\/v2\/pages\/2303\/revisions\/2579"}],"wp:attachment":[{"href":"https:\/\/natureengravure.com\/index.php?rest_route=%2Fwp%2Fv2%2Fmedia&parent=2303"}],"curies":[{"name":"wp","href":"https:\/\/api.w.org\/{rel}","templated":true}]}}