{"id":2401,"date":"2023-08-14T14:57:35","date_gmt":"2023-08-14T14:57:35","guid":{"rendered":"https:\/\/natureengravure.com\/?page_id=2401"},"modified":"2025-10-13T08:14:10","modified_gmt":"2025-10-13T08:14:10","slug":"cadre-21x27cm","status":"publish","type":"page","link":"https:\/\/natureengravure.com\/?page_id=2401","title":{"rendered":"Cadre 18x24cm"},"content":{"rendered":"\n<p><strong>Prix : <\/strong>\u00a039\u20ac avec cadre bois naturel (3,50\u20ac de frais de port) <br>Commande par mail uniquement \u00e0 :\u00a0<a href=\"mailto:natureengravure@hotmail.com\"><strong>natureengravure@hotmail.com<\/strong><\/a><br>Aper\u00e7u gratuit<\/p>\n\n\n\n<p>Retrait possible \u00e0 Bretonvillers.<\/p>\n\n\n\n<p><strong>Caract\u00e9ristiques :<\/strong><br>Gravure sur plaque de contreplaqu\u00e9 Okoum\u00e9 d\u2019\u00e9paisseur 5 mm<br>Cadre bois naturel <br>Dimensions : 20x26cm. Epaisseur : 1cm<\/p>\n\n\n\n<p>Teinture du cadre en bois naturel au brou de noix (marron) : + 2\u20ac<\/p>\n\n\n\n<p>Pied chevalet en carton + accroches murales<br>Marquage au laser sans encre (pyrogravure laser)<br>Plus respectueux de l\u2019environnement<br>La couleur peut l\u00e9g\u00e8rement varier en fonction de la pigmentation naturelle du bois<\/p>\n\n\n\n<div class=\"wp-block-uagb-image aligncenter uagb-block-6db1f952 wp-block-uagb-image--layout-default wp-block-uagb-image--effect-static wp-block-uagb-image--align-center\"><figure class=\"wp-block-uagb-image__figure\"><img decoding=\"async\" srcset=\"https:\/\/natureengravure.com\/wp-content\/uploads\/2023\/11\/20231116_130102-1024x1024.jpg \" sizes=\"auto, (max-width: 480px) 150px\" src=\"https:\/\/natureengravure.com\/wp-content\/uploads\/2023\/11\/20231116_130102-1024x1024.jpg\" alt=\"\" class=\"uag-image-2617\" width=\"1024\" height=\"1024\" title=\"\" loading=\"lazy\" role=\"img\"\/><\/figure><\/div>\n\n\n\n<figure class=\"wp-block-gallery has-nested-images columns-default is-cropped wp-block-gallery-1 is-layout-flex wp-block-gallery-is-layout-flex\">\n<figure class=\"wp-block-image\"><img loading=\"lazy\" decoding=\"async\" width=\"2560\" height=\"2560\" data-id=\"2368\" src=\"https:\/\/natureengravure.com\/wp-content\/uploads\/2023\/08\/1000027161-scaled.jpg\" alt=\"\" class=\"wp-image-2368\" srcset=\"https:\/\/natureengravure.com\/wp-content\/uploads\/2023\/08\/1000027161-scaled.jpg 2560w, https:\/\/natureengravure.com\/wp-content\/uploads\/2023\/08\/1000027161-300x300.jpg 300w, https:\/\/natureengravure.com\/wp-content\/uploads\/2023\/08\/1000027161-1024x1024.jpg 1024w, https:\/\/natureengravure.com\/wp-content\/uploads\/2023\/08\/1000027161-150x150.jpg 150w, https:\/\/natureengravure.com\/wp-content\/uploads\/2023\/08\/1000027161-768x768.jpg 768w, https:\/\/natureengravure.com\/wp-content\/uploads\/2023\/08\/1000027161-1536x1536.jpg 1536w, https:\/\/natureengravure.com\/wp-content\/uploads\/2023\/08\/1000027161-2048x2048.jpg 2048w, https:\/\/natureengravure.com\/wp-content\/uploads\/2023\/08\/1000027161-600x600.jpg 600w, https:\/\/natureengravure.com\/wp-content\/uploads\/2023\/08\/1000027161-100x100.jpg 100w\" sizes=\"auto, (max-width: 2560px) 100vw, 2560px\" \/><\/figure>\n<\/figure>\n","protected":false},"excerpt":{"rendered":"<p>Prix : \u00a039\u20ac avec cadre bois naturel (3,50\u20ac de frais de port) Commande par mail uniquement \u00e0 :\u00a0natureengravure@hotmail.comAper\u00e7u gratuit Retrait possible \u00e0 Bretonvillers. Caract\u00e9ristiques :Gravure sur plaque de contreplaqu\u00e9 Okoum\u00e9 d\u2019\u00e9paisseur 5 mmCadre bois naturel Dimensions : 20x26cm. Epaisseur : 1cm Teinture du cadre en bois naturel au brou de noix (marron) : + 2\u20ac [&hellip;]<\/p>\n","protected":false},"author":2,"featured_media":0,"parent":0,"menu_order":0,"comment_status":"closed","ping_status":"closed","template":"","meta":{"_uag_custom_page_level_css":"","site-sidebar-layout":"default","site-content-layout":"","ast-site-content-layout":"default","site-content-style":"default","site-sidebar-style":"default","ast-global-header-display":"","ast-banner-title-visibility":"","ast-main-header-display":"","ast-hfb-above-header-display":"","ast-hfb-below-header-display":"","ast-hfb-mobile-header-display":"","site-post-title":"","ast-breadcrumbs-content":"","ast-featured-img":"","footer-sml-layout":"","ast-disable-related-posts":"","theme-transparent-header-meta":"","adv-header-id-meta":"","stick-header-meta":"","header-above-stick-meta":"","header-main-stick-meta":"","header-below-stick-meta":"","astra-migrate-meta-layouts":"set","ast-page-background-enabled":"default","ast-page-background-meta":{"desktop":{"background-color":"","background-image":"","background-repeat":"repeat","background-position":"center center","background-size":"auto","background-attachment":"scroll","background-type":"","background-media":"","overlay-type":"","overlay-color":"","overlay-opacity":"","overlay-gradient":""},"tablet":{"background-color":"","background-image":"","background-repeat":"repeat","background-position":"center center","background-size":"auto","background-attachment":"scroll","background-type":"","background-media":"","overlay-type":"","overlay-color":"","overlay-opacity":"","overlay-gradient":""},"mobile":{"background-color":"","background-image":"","background-repeat":"repeat","background-position":"center center","background-size":"auto","background-attachment":"scroll","background-type":"","background-media":"","overlay-type":"","overlay-color":"","overlay-opacity":"","overlay-gradient":""}},"ast-content-background-meta":{"desktop":{"background-color":"var(--ast-global-color-5)","background-image":"","background-repeat":"repeat","background-position":"center center","background-size":"auto","background-attachment":"scroll","background-type":"","background-media":"","overlay-type":"","overlay-color":"","overlay-opacity":"","overlay-gradient":""},"tablet":{"background-color":"var(--ast-global-color-5)","background-image":"","background-repeat":"repeat","background-position":"center center","background-size":"auto","background-attachment":"scroll","background-type":"","background-media":"","overlay-type":"","overlay-color":"","overlay-opacity":"","overlay-gradient":""},"mobile":{"background-color":"var(--ast-global-color-5)","background-image":"","background-repeat":"repeat","background-position":"center center","background-size":"auto","background-attachment":"scroll","background-type":"","background-media":"","overlay-type":"","overlay-color":"","overlay-opacity":"","overlay-gradient":""}},"footnotes":""},"class_list":["post-2401","page","type-page","status-publish","hentry"],"uagb_featured_image_src":{"full":false,"thumbnail":false,"medium":false,"medium_large":false,"large":false,"1536x1536":false,"2048x2048":false,"woocommerce_thumbnail":false,"woocommerce_single":false,"woocommerce_gallery_thumbnail":false},"uagb_author_info":{"display_name":"natureengravure","author_link":"https:\/\/natureengravure.com\/?author=2"},"uagb_comment_info":0,"uagb_excerpt":"Prix : \u00a039\u20ac avec cadre bois naturel (3,50\u20ac de frais de port) Commande par mail uniquement \u00e0 :\u00a0natureengravure@hotmail.comAper\u00e7u gratuit Retrait possible \u00e0 Bretonvillers. Caract\u00e9ristiques :Gravure sur plaque de contreplaqu\u00e9 Okoum\u00e9 d\u2019\u00e9paisseur 5 mmCadre bois naturel Dimensions : 20x26cm. Epaisseur : 1cm Teinture du cadre en bois naturel au brou de noix (marron) : + 2\u20ac\u2026","_links":{"self":[{"href":"https:\/\/natureengravure.com\/index.php?rest_route=\/wp\/v2\/pages\/2401","targetHints":{"allow":["GET"]}}],"collection":[{"href":"https:\/\/natureengravure.com\/index.php?rest_route=\/wp\/v2\/pages"}],"about":[{"href":"https:\/\/natureengravure.com\/index.php?rest_route=\/wp\/v2\/types\/page"}],"author":[{"embeddable":true,"href":"https:\/\/natureengravure.com\/index.php?rest_route=\/wp\/v2\/users\/2"}],"replies":[{"embeddable":true,"href":"https:\/\/natureengravure.com\/index.php?rest_route=%2Fwp%2Fv2%2Fcomments&post=2401"}],"version-history":[{"count":10,"href":"https:\/\/natureengravure.com\/index.php?rest_route=\/wp\/v2\/pages\/2401\/revisions"}],"predecessor-version":[{"id":2728,"href":"https:\/\/natureengravure.com\/index.php?rest_route=\/wp\/v2\/pages\/2401\/revisions\/2728"}],"wp:attachment":[{"href":"https:\/\/natureengravure.com\/index.php?rest_route=%2Fwp%2Fv2%2Fmedia&parent=2401"}],"curies":[{"name":"wp","href":"https:\/\/api.w.org\/{rel}","templated":true}]}}