{"id":2409,"date":"2023-08-14T15:06:30","date_gmt":"2023-08-14T15:06:30","guid":{"rendered":"https:\/\/natureengravure.com\/?page_id=2409"},"modified":"2025-05-11T21:55:05","modified_gmt":"2025-05-11T21:55:05","slug":"cadre-22x64cm","status":"publish","type":"page","link":"https:\/\/natureengravure.com\/?page_id=2409","title":{"rendered":"Cadre 20x60cm"},"content":{"rendered":"\n<p><strong>Prix :<\/strong>&nbsp;90\u20ac<br>Commande par mail uniquement \u00e0 :&nbsp;<a href=\"mailto:natureengravure@hotmail.com\"><strong>natureengravure@hotmail.com<\/strong><\/a><br>Aper\u00e7u gratuit<\/p>\n\n\n\n<p>Retrait sur place \u00e0 Bretonvillers ou livraison possible uniquement en Franche-Comt\u00e9 (+10\u20ac). Pas d&rsquo;envoi pour ce produit.  <\/p>\n\n\n\n<p><strong>Caract\u00e9ristiques :<\/strong><br>Gravure sur plaque de contreplaqu\u00e9 Okoum\u00e9 d\u2019\u00e9paisseur 5 mm<br>Cadre MDF \u2013 panneaux de fibres de bois<br>Dimensions avec le cadre : 22x62cm. Epaisseur : 3,5 cm<br>Accroches murales<br>Vitre protectrice<br>Marquage au laser sans encre (pyrogravure laser)<br>Plus respectueux de l\u2019environnement<br>La couleur peut l\u00e9g\u00e8rement varier en fonction de la pigmentation naturelle du bois<\/p>\n\n\n\n<figure class=\"wp-block-gallery has-nested-images columns-default is-cropped wp-block-gallery-1 is-layout-flex wp-block-gallery-is-layout-flex\">\n<figure class=\"wp-block-image size-large\"><img loading=\"lazy\" decoding=\"async\" width=\"1024\" height=\"1024\" data-id=\"2370\" src=\"https:\/\/natureengravure.com\/wp-content\/uploads\/2023\/08\/1000027173-1024x1024.jpg\" alt=\"\" class=\"wp-image-2370\" srcset=\"https:\/\/natureengravure.com\/wp-content\/uploads\/2023\/08\/1000027173-1024x1024.jpg 1024w, https:\/\/natureengravure.com\/wp-content\/uploads\/2023\/08\/1000027173-300x300.jpg 300w, https:\/\/natureengravure.com\/wp-content\/uploads\/2023\/08\/1000027173-150x150.jpg 150w, https:\/\/natureengravure.com\/wp-content\/uploads\/2023\/08\/1000027173-768x768.jpg 768w, https:\/\/natureengravure.com\/wp-content\/uploads\/2023\/08\/1000027173-1536x1536.jpg 1536w, https:\/\/natureengravure.com\/wp-content\/uploads\/2023\/08\/1000027173-2048x2048.jpg 2048w, https:\/\/natureengravure.com\/wp-content\/uploads\/2023\/08\/1000027173-600x600.jpg 600w, https:\/\/natureengravure.com\/wp-content\/uploads\/2023\/08\/1000027173-100x100.jpg 100w\" sizes=\"auto, (max-width: 1024px) 100vw, 1024px\" \/><\/figure>\n<\/figure>\n","protected":false},"excerpt":{"rendered":"<p>Prix :&nbsp;90\u20acCommande par mail uniquement \u00e0 :&nbsp;natureengravure@hotmail.comAper\u00e7u gratuit Retrait sur place \u00e0 Bretonvillers ou livraison possible uniquement en Franche-Comt\u00e9 (+10\u20ac). Pas d&rsquo;envoi pour ce produit. Caract\u00e9ristiques :Gravure sur plaque de contreplaqu\u00e9 Okoum\u00e9 d\u2019\u00e9paisseur 5 mmCadre MDF \u2013 panneaux de fibres de boisDimensions avec le cadre : 22x62cm. Epaisseur : 3,5 cmAccroches muralesVitre protectriceMarquage au laser [&hellip;]<\/p>\n","protected":false},"author":2,"featured_media":0,"parent":0,"menu_order":0,"comment_status":"closed","ping_status":"closed","template":"","meta":{"_uag_custom_page_level_css":"","site-sidebar-layout":"default","site-content-layout":"","ast-site-content-layout":"default","site-content-style":"default","site-sidebar-style":"default","ast-global-header-display":"","ast-banner-title-visibility":"","ast-main-header-display":"","ast-hfb-above-header-display":"","ast-hfb-below-header-display":"","ast-hfb-mobile-header-display":"","site-post-title":"","ast-breadcrumbs-content":"","ast-featured-img":"","footer-sml-layout":"","ast-disable-related-posts":"","theme-transparent-header-meta":"","adv-header-id-meta":"","stick-header-meta":"","header-above-stick-meta":"","header-main-stick-meta":"","header-below-stick-meta":"","astra-migrate-meta-layouts":"set","ast-page-background-enabled":"default","ast-page-background-meta":{"desktop":{"background-color":"","background-image":"","background-repeat":"repeat","background-position":"center center","background-size":"auto","background-attachment":"scroll","background-type":"","background-media":"","overlay-type":"","overlay-color":"","overlay-opacity":"","overlay-gradient":""},"tablet":{"background-color":"","background-image":"","background-repeat":"repeat","background-position":"center center","background-size":"auto","background-attachment":"scroll","background-type":"","background-media":"","overlay-type":"","overlay-color":"","overlay-opacity":"","overlay-gradient":""},"mobile":{"background-color":"","background-image":"","background-repeat":"repeat","background-position":"center center","background-size":"auto","background-attachment":"scroll","background-type":"","background-media":"","overlay-type":"","overlay-color":"","overlay-opacity":"","overlay-gradient":""}},"ast-content-background-meta":{"desktop":{"background-color":"var(--ast-global-color-5)","background-image":"","background-repeat":"repeat","background-position":"center center","background-size":"auto","background-attachment":"scroll","background-type":"","background-media":"","overlay-type":"","overlay-color":"","overlay-opacity":"","overlay-gradient":""},"tablet":{"background-color":"var(--ast-global-color-5)","background-image":"","background-repeat":"repeat","background-position":"center center","background-size":"auto","background-attachment":"scroll","background-type":"","background-media":"","overlay-type":"","overlay-color":"","overlay-opacity":"","overlay-gradient":""},"mobile":{"background-color":"var(--ast-global-color-5)","background-image":"","background-repeat":"repeat","background-position":"center center","background-size":"auto","background-attachment":"scroll","background-type":"","background-media":"","overlay-type":"","overlay-color":"","overlay-opacity":"","overlay-gradient":""}},"footnotes":""},"class_list":["post-2409","page","type-page","status-publish","hentry"],"uagb_featured_image_src":{"full":false,"thumbnail":false,"medium":false,"medium_large":false,"large":false,"1536x1536":false,"2048x2048":false,"woocommerce_thumbnail":false,"woocommerce_single":false,"woocommerce_gallery_thumbnail":false},"uagb_author_info":{"display_name":"natureengravure","author_link":"https:\/\/natureengravure.com\/?author=2"},"uagb_comment_info":0,"uagb_excerpt":"Prix :&nbsp;90\u20acCommande par mail uniquement \u00e0 :&nbsp;natureengravure@hotmail.comAper\u00e7u gratuit Retrait sur place \u00e0 Bretonvillers ou livraison possible uniquement en Franche-Comt\u00e9 (+10\u20ac). Pas d&rsquo;envoi pour ce produit. Caract\u00e9ristiques :Gravure sur plaque de contreplaqu\u00e9 Okoum\u00e9 d\u2019\u00e9paisseur 5 mmCadre MDF \u2013 panneaux de fibres de boisDimensions avec le cadre : 22x62cm. Epaisseur : 3,5 cmAccroches muralesVitre protectriceMarquage au laser\u2026","_links":{"self":[{"href":"https:\/\/natureengravure.com\/index.php?rest_route=\/wp\/v2\/pages\/2409","targetHints":{"allow":["GET"]}}],"collection":[{"href":"https:\/\/natureengravure.com\/index.php?rest_route=\/wp\/v2\/pages"}],"about":[{"href":"https:\/\/natureengravure.com\/index.php?rest_route=\/wp\/v2\/types\/page"}],"author":[{"embeddable":true,"href":"https:\/\/natureengravure.com\/index.php?rest_route=\/wp\/v2\/users\/2"}],"replies":[{"embeddable":true,"href":"https:\/\/natureengravure.com\/index.php?rest_route=%2Fwp%2Fv2%2Fcomments&post=2409"}],"version-history":[{"count":9,"href":"https:\/\/natureengravure.com\/index.php?rest_route=\/wp\/v2\/pages\/2409\/revisions"}],"predecessor-version":[{"id":2717,"href":"https:\/\/natureengravure.com\/index.php?rest_route=\/wp\/v2\/pages\/2409\/revisions\/2717"}],"wp:attachment":[{"href":"https:\/\/natureengravure.com\/index.php?rest_route=%2Fwp%2Fv2%2Fmedia&parent=2409"}],"curies":[{"name":"wp","href":"https:\/\/api.w.org\/{rel}","templated":true}]}}