{"id":60,"date":"2020-09-16T05:16:57","date_gmt":"2020-09-16T05:16:57","guid":{"rendered":"https:\/\/gifted-galileo.185-253-54-248.plesk.page\/?page_id=60"},"modified":"2023-08-05T19:12:31","modified_gmt":"2023-08-05T19:12:31","slug":"contact-us","status":"publish","type":"page","link":"https:\/\/natureengravure.com\/?page_id=60","title":{"rendered":"Nous contacter"},"content":{"rendered":"\n<div class=\"wp-block-uagb-container uagb-block-eab8cdae alignfull uagb-is-root-container\"><div class=\"uagb-container-inner-blocks-wrap\">\n<div class=\"wp-block-uagb-advanced-heading uagb-block-5cb927cd\"><h1 class=\"uagb-heading-text\">Nous contacter<\/h1><\/div>\n<\/div><\/div>\n\n\n\n<div class=\"wp-block-uagb-container uagb-block-030f6f9c alignfull uagb-is-root-container\"><div class=\"uagb-container-inner-blocks-wrap\">\n<div class=\"wp-block-uagb-container uagb-block-31d025bc\">\n<div class=\"wp-block-uagb-advanced-heading uagb-block-3b669771\"><h3 class=\"uagb-heading-text\">Une gravure personnalis\u00e9e ? <\/h3><\/div>\n\n\n\n<p>Envoyez-nous vos photos par mail et pr\u00e9sentez-nous votre projet !<br>Nous serons tr\u00e8s heureux de le concr\u00e9tiser !<\/p>\n\n\n\n<div class=\"wp-block-uagb-container uagb-block-bc2b8281\">\n<div class=\"wp-block-uagb-advanced-heading uagb-block-f7b289fe\"><h3 class=\"uagb-heading-text\">Mail<\/h3><\/div>\n\n\n\n<div class=\"wp-block-uagb-advanced-heading uagb-block-49e476b9\"><h5 class=\"uagb-heading-text\">natureengravure@hotmail.com<\/h5><\/div>\n<\/div>\n\n\n\n<div class=\"wp-block-uagb-container uagb-block-cb6d3a02\">\n<div class=\"wp-block-uagb-advanced-heading uagb-block-10349442\"><h3 class=\"uagb-heading-text\">Adresse postale<\/h3><\/div>\n\n\n\n<p class=\"has-text-align-center has-medium-font-size\"><strong>NATURE EN GRAVURE<\/strong><br>12 impasse Bellevue<br>25380 BRETONVILLERS<\/p>\n<\/div>\n<\/div>\n\n\n\n<div class=\"wp-block-uagb-container uagb-block-c018a0ae\">\n<figure class=\"wp-block-gallery has-nested-images columns-default is-cropped wp-block-gallery-1 is-layout-flex wp-block-gallery-is-layout-flex\">\n<figure class=\"wp-block-image size-large\"><img loading=\"lazy\" decoding=\"async\" width=\"787\" height=\"1024\" data-id=\"2066\" src=\"https:\/\/natureengravure.com\/wp-content\/uploads\/2023\/07\/20220830_210223-787x1024.jpg\" alt=\"\" class=\"wp-image-2066\" srcset=\"https:\/\/natureengravure.com\/wp-content\/uploads\/2023\/07\/20220830_210223-787x1024.jpg 787w, https:\/\/natureengravure.com\/wp-content\/uploads\/2023\/07\/20220830_210223-231x300.jpg 231w, https:\/\/natureengravure.com\/wp-content\/uploads\/2023\/07\/20220830_210223-768x999.jpg 768w, https:\/\/natureengravure.com\/wp-content\/uploads\/2023\/07\/20220830_210223-1180x1536.jpg 1180w, https:\/\/natureengravure.com\/wp-content\/uploads\/2023\/07\/20220830_210223-1574x2048.jpg 1574w, https:\/\/natureengravure.com\/wp-content\/uploads\/2023\/07\/20220830_210223-600x781.jpg 600w, https:\/\/natureengravure.com\/wp-content\/uploads\/2023\/07\/20220830_210223-scaled.jpg 1967w\" sizes=\"auto, (max-width: 787px) 100vw, 787px\" \/><\/figure>\n\n\n\n<figure class=\"wp-block-image size-large\"><img loading=\"lazy\" decoding=\"async\" width=\"1024\" height=\"365\" data-id=\"2072\" src=\"https:\/\/natureengravure.com\/wp-content\/uploads\/2023\/07\/20230112_181032-1024x365.jpg\" alt=\"\" class=\"wp-image-2072\" srcset=\"https:\/\/natureengravure.com\/wp-content\/uploads\/2023\/07\/20230112_181032-1024x365.jpg 1024w, https:\/\/natureengravure.com\/wp-content\/uploads\/2023\/07\/20230112_181032-300x107.jpg 300w, https:\/\/natureengravure.com\/wp-content\/uploads\/2023\/07\/20230112_181032-768x274.jpg 768w, https:\/\/natureengravure.com\/wp-content\/uploads\/2023\/07\/20230112_181032-1536x547.jpg 1536w, https:\/\/natureengravure.com\/wp-content\/uploads\/2023\/07\/20230112_181032-2048x729.jpg 2048w, https:\/\/natureengravure.com\/wp-content\/uploads\/2023\/07\/20230112_181032-600x214.jpg 600w\" sizes=\"auto, (max-width: 1024px) 100vw, 1024px\" \/><\/figure>\n\n\n\n<figure class=\"wp-block-image size-large\"><img loading=\"lazy\" decoding=\"async\" width=\"1024\" height=\"743\" data-id=\"2075\" src=\"https:\/\/natureengravure.com\/wp-content\/uploads\/2023\/07\/20230226_142236-1024x743.jpg\" alt=\"\" class=\"wp-image-2075\" srcset=\"https:\/\/natureengravure.com\/wp-content\/uploads\/2023\/07\/20230226_142236-1024x743.jpg 1024w, https:\/\/natureengravure.com\/wp-content\/uploads\/2023\/07\/20230226_142236-300x218.jpg 300w, https:\/\/natureengravure.com\/wp-content\/uploads\/2023\/07\/20230226_142236-768x558.jpg 768w, https:\/\/natureengravure.com\/wp-content\/uploads\/2023\/07\/20230226_142236-1536x1115.jpg 1536w, https:\/\/natureengravure.com\/wp-content\/uploads\/2023\/07\/20230226_142236-2048x1487.jpg 2048w, https:\/\/natureengravure.com\/wp-content\/uploads\/2023\/07\/20230226_142236-600x436.jpg 600w\" sizes=\"auto, (max-width: 1024px) 100vw, 1024px\" \/><\/figure>\n\n\n\n<figure class=\"wp-block-image size-large\"><img loading=\"lazy\" decoding=\"async\" width=\"954\" height=\"1024\" data-id=\"2074\" src=\"https:\/\/natureengravure.com\/wp-content\/uploads\/2023\/07\/20230302_180940-954x1024.jpg\" alt=\"\" class=\"wp-image-2074\" srcset=\"https:\/\/natureengravure.com\/wp-content\/uploads\/2023\/07\/20230302_180940-954x1024.jpg 954w, https:\/\/natureengravure.com\/wp-content\/uploads\/2023\/07\/20230302_180940-280x300.jpg 280w, https:\/\/natureengravure.com\/wp-content\/uploads\/2023\/07\/20230302_180940-768x824.jpg 768w, https:\/\/natureengravure.com\/wp-content\/uploads\/2023\/07\/20230302_180940-1431x1536.jpg 1431w, https:\/\/natureengravure.com\/wp-content\/uploads\/2023\/07\/20230302_180940-1908x2048.jpg 1908w, https:\/\/natureengravure.com\/wp-content\/uploads\/2023\/07\/20230302_180940-600x644.jpg 600w\" sizes=\"auto, (max-width: 954px) 100vw, 954px\" \/><\/figure>\n\n\n\n<figure class=\"wp-block-image size-large\"><img loading=\"lazy\" decoding=\"async\" width=\"1024\" height=\"1024\" data-id=\"2065\" src=\"https:\/\/natureengravure.com\/wp-content\/uploads\/2023\/07\/322588486_841249483832316_7442320292507480970_n-1024x1024.jpg\" alt=\"\" class=\"wp-image-2065\" srcset=\"https:\/\/natureengravure.com\/wp-content\/uploads\/2023\/07\/322588486_841249483832316_7442320292507480970_n-1024x1024.jpg 1024w, https:\/\/natureengravure.com\/wp-content\/uploads\/2023\/07\/322588486_841249483832316_7442320292507480970_n-300x300.jpg 300w, https:\/\/natureengravure.com\/wp-content\/uploads\/2023\/07\/322588486_841249483832316_7442320292507480970_n-150x150.jpg 150w, https:\/\/natureengravure.com\/wp-content\/uploads\/2023\/07\/322588486_841249483832316_7442320292507480970_n-768x768.jpg 768w, https:\/\/natureengravure.com\/wp-content\/uploads\/2023\/07\/322588486_841249483832316_7442320292507480970_n-600x600.jpg 600w, https:\/\/natureengravure.com\/wp-content\/uploads\/2023\/07\/322588486_841249483832316_7442320292507480970_n-100x100.jpg 100w, https:\/\/natureengravure.com\/wp-content\/uploads\/2023\/07\/322588486_841249483832316_7442320292507480970_n.jpg 1440w\" sizes=\"auto, (max-width: 1024px) 100vw, 1024px\" \/><\/figure>\n\n\n\n<figure class=\"wp-block-image size-large\"><img loading=\"lazy\" decoding=\"async\" width=\"819\" height=\"1024\" data-id=\"2064\" src=\"https:\/\/natureengravure.com\/wp-content\/uploads\/2023\/07\/343970951_184513857813102_8238746127544864187_n-819x1024.jpg\" alt=\"\" class=\"wp-image-2064\" srcset=\"https:\/\/natureengravure.com\/wp-content\/uploads\/2023\/07\/343970951_184513857813102_8238746127544864187_n-819x1024.jpg 819w, https:\/\/natureengravure.com\/wp-content\/uploads\/2023\/07\/343970951_184513857813102_8238746127544864187_n-240x300.jpg 240w, https:\/\/natureengravure.com\/wp-content\/uploads\/2023\/07\/343970951_184513857813102_8238746127544864187_n-768x960.jpg 768w, https:\/\/natureengravure.com\/wp-content\/uploads\/2023\/07\/343970951_184513857813102_8238746127544864187_n-600x750.jpg 600w, https:\/\/natureengravure.com\/wp-content\/uploads\/2023\/07\/343970951_184513857813102_8238746127544864187_n.jpg 1080w\" sizes=\"auto, (max-width: 819px) 100vw, 819px\" \/><\/figure>\n\n\n\n<figure class=\"wp-block-image size-large\"><img loading=\"lazy\" decoding=\"async\" width=\"822\" height=\"960\" data-id=\"2069\" src=\"https:\/\/natureengravure.com\/wp-content\/uploads\/2023\/07\/345585868_1637003470080618_6007285491925043006_n.jpg\" alt=\"\" class=\"wp-image-2069\" srcset=\"https:\/\/natureengravure.com\/wp-content\/uploads\/2023\/07\/345585868_1637003470080618_6007285491925043006_n.jpg 822w, https:\/\/natureengravure.com\/wp-content\/uploads\/2023\/07\/345585868_1637003470080618_6007285491925043006_n-257x300.jpg 257w, https:\/\/natureengravure.com\/wp-content\/uploads\/2023\/07\/345585868_1637003470080618_6007285491925043006_n-768x897.jpg 768w, https:\/\/natureengravure.com\/wp-content\/uploads\/2023\/07\/345585868_1637003470080618_6007285491925043006_n-600x701.jpg 600w\" sizes=\"auto, (max-width: 822px) 100vw, 822px\" \/><\/figure>\n\n\n\n<figure class=\"wp-block-image size-large\"><img loading=\"lazy\" decoding=\"async\" width=\"851\" height=\"1024\" data-id=\"2067\" src=\"https:\/\/natureengravure.com\/wp-content\/uploads\/2023\/07\/345653910_293943252957043_4618421985857168242_n-851x1024.jpg\" alt=\"\" class=\"wp-image-2067\" srcset=\"https:\/\/natureengravure.com\/wp-content\/uploads\/2023\/07\/345653910_293943252957043_4618421985857168242_n-851x1024.jpg 851w, https:\/\/natureengravure.com\/wp-content\/uploads\/2023\/07\/345653910_293943252957043_4618421985857168242_n-249x300.jpg 249w, https:\/\/natureengravure.com\/wp-content\/uploads\/2023\/07\/345653910_293943252957043_4618421985857168242_n-768x924.jpg 768w, https:\/\/natureengravure.com\/wp-content\/uploads\/2023\/07\/345653910_293943252957043_4618421985857168242_n-1276x1536.jpg 1276w, https:\/\/natureengravure.com\/wp-content\/uploads\/2023\/07\/345653910_293943252957043_4618421985857168242_n-600x722.jpg 600w, https:\/\/natureengravure.com\/wp-content\/uploads\/2023\/07\/345653910_293943252957043_4618421985857168242_n.jpg 1346w\" sizes=\"auto, (max-width: 851px) 100vw, 851px\" \/><\/figure>\n\n\n\n<figure class=\"wp-block-image size-large\"><img loading=\"lazy\" decoding=\"async\" width=\"909\" height=\"1024\" data-id=\"2068\" src=\"https:\/\/natureengravure.com\/wp-content\/uploads\/2023\/07\/346092919_911352946616837_5413335070693261874_n-909x1024.jpg\" alt=\"\" class=\"wp-image-2068\" srcset=\"https:\/\/natureengravure.com\/wp-content\/uploads\/2023\/07\/346092919_911352946616837_5413335070693261874_n-909x1024.jpg 909w, https:\/\/natureengravure.com\/wp-content\/uploads\/2023\/07\/346092919_911352946616837_5413335070693261874_n-266x300.jpg 266w, https:\/\/natureengravure.com\/wp-content\/uploads\/2023\/07\/346092919_911352946616837_5413335070693261874_n-768x865.jpg 768w, https:\/\/natureengravure.com\/wp-content\/uploads\/2023\/07\/346092919_911352946616837_5413335070693261874_n-600x676.jpg 600w, https:\/\/natureengravure.com\/wp-content\/uploads\/2023\/07\/346092919_911352946616837_5413335070693261874_n.jpg 1361w\" sizes=\"auto, (max-width: 909px) 100vw, 909px\" \/><\/figure>\n<\/figure>\n<\/div>\n<\/div><\/div>\n","protected":false},"excerpt":{"rendered":"<p>Nous contacter Une gravure personnalis\u00e9e ? Envoyez-nous vos photos par mail et pr\u00e9sentez-nous votre projet !Nous serons tr\u00e8s heureux de le concr\u00e9tiser ! Mail natureengravure@hotmail.com Adresse postale NATURE EN GRAVURE12 impasse Bellevue25380 BRETONVILLERS<\/p>\n","protected":false},"author":1,"featured_media":0,"parent":0,"menu_order":0,"comment_status":"closed","ping_status":"closed","template":"","meta":{"_uag_custom_page_level_css":"","site-sidebar-layout":"no-sidebar","site-content-layout":"plain-container","ast-site-content-layout":"default","site-content-style":"default","site-sidebar-style":"default","ast-global-header-display":"","ast-banner-title-visibility":"","ast-main-header-display":"","ast-hfb-above-header-display":"","ast-hfb-below-header-display":"","ast-hfb-mobile-header-display":"","site-post-title":"disabled","ast-breadcrumbs-content":"","ast-featured-img":"","footer-sml-layout":"","ast-disable-related-posts":"","theme-transparent-header-meta":"enabled","adv-header-id-meta":"","stick-header-meta":"","header-above-stick-meta":"","header-main-stick-meta":"","header-below-stick-meta":"","astra-migrate-meta-layouts":"default","ast-page-background-enabled":"default","ast-page-background-meta":{"desktop":{"background-color":"","background-image":"","background-repeat":"repeat","background-position":"center center","background-size":"auto","background-attachment":"scroll","background-type":"","background-media":"","overlay-type":"","overlay-color":"","overlay-opacity":"","overlay-gradient":""},"tablet":{"background-color":"","background-image":"","background-repeat":"repeat","background-position":"center center","background-size":"auto","background-attachment":"scroll","background-type":"","background-media":"","overlay-type":"","overlay-color":"","overlay-opacity":"","overlay-gradient":""},"mobile":{"background-color":"","background-image":"","background-repeat":"repeat","background-position":"center center","background-size":"auto","background-attachment":"scroll","background-type":"","background-media":"","overlay-type":"","overlay-color":"","overlay-opacity":"","overlay-gradient":""}},"ast-content-background-meta":{"desktop":{"background-color":"var(--ast-global-color-5)","background-image":"","background-repeat":"repeat","background-position":"center center","background-size":"auto","background-attachment":"scroll","background-type":"","background-media":"","overlay-type":"","overlay-color":"","overlay-opacity":"","overlay-gradient":""},"tablet":{"background-color":"var(--ast-global-color-5)","background-image":"","background-repeat":"repeat","background-position":"center center","background-size":"auto","background-attachment":"scroll","background-type":"","background-media":"","overlay-type":"","overlay-color":"","overlay-opacity":"","overlay-gradient":""},"mobile":{"background-color":"var(--ast-global-color-5)","background-image":"","background-repeat":"repeat","background-position":"center center","background-size":"auto","background-attachment":"scroll","background-type":"","background-media":"","overlay-type":"","overlay-color":"","overlay-opacity":"","overlay-gradient":""}},"footnotes":""},"class_list":["post-60","page","type-page","status-publish","hentry"],"uagb_featured_image_src":{"full":false,"thumbnail":false,"medium":false,"medium_large":false,"large":false,"1536x1536":false,"2048x2048":false,"woocommerce_thumbnail":false,"woocommerce_single":false,"woocommerce_gallery_thumbnail":false},"uagb_author_info":{"display_name":"admin","author_link":"https:\/\/natureengravure.com\/?author=1"},"uagb_comment_info":0,"uagb_excerpt":"Nous contacter Une gravure personnalis\u00e9e ? Envoyez-nous vos photos par mail et pr\u00e9sentez-nous votre projet !Nous serons tr\u00e8s heureux de le concr\u00e9tiser ! Mail natureengravure@hotmail.com Adresse postale NATURE EN GRAVURE12 impasse Bellevue25380 BRETONVILLERS","_links":{"self":[{"href":"https:\/\/natureengravure.com\/index.php?rest_route=\/wp\/v2\/pages\/60","targetHints":{"allow":["GET"]}}],"collection":[{"href":"https:\/\/natureengravure.com\/index.php?rest_route=\/wp\/v2\/pages"}],"about":[{"href":"https:\/\/natureengravure.com\/index.php?rest_route=\/wp\/v2\/types\/page"}],"author":[{"embeddable":true,"href":"https:\/\/natureengravure.com\/index.php?rest_route=\/wp\/v2\/users\/1"}],"replies":[{"embeddable":true,"href":"https:\/\/natureengravure.com\/index.php?rest_route=%2Fwp%2Fv2%2Fcomments&post=60"}],"version-history":[{"count":12,"href":"https:\/\/natureengravure.com\/index.php?rest_route=\/wp\/v2\/pages\/60\/revisions"}],"predecessor-version":[{"id":2219,"href":"https:\/\/natureengravure.com\/index.php?rest_route=\/wp\/v2\/pages\/60\/revisions\/2219"}],"wp:attachment":[{"href":"https:\/\/natureengravure.com\/index.php?rest_route=%2Fwp%2Fv2%2Fmedia&parent=60"}],"curies":[{"name":"wp","href":"https:\/\/api.w.org\/{rel}","templated":true}]}}